{"id":1459,"date":"2018-06-23T09:46:11","date_gmt":"2018-06-23T09:46:11","guid":{"rendered":"https:\/\/blog.gre.es\/?page_id=1459"},"modified":"2025-02-21T08:32:21","modified_gmt":"2025-02-21T07:32:21","slug":"faq","status":"publish","type":"page","link":"https:\/\/blog.grepool.com\/es\/faq\/","title":{"rendered":"FAQ"},"content":{"rendered":"<p><\/p>\n<h2><strong><em>\u201c\u00bfQu\u00e9 tengo que saber antes de comprar una piscina elevada?\u201d<\/em><\/strong><\/h2>\n<p>Comprar una piscina elevada es una excelente opci\u00f3n para disfrutar del agua sin los costes ni las complicaciones de una piscina enterrada. Si bien, previamente debes de tener en cuenta:<\/p>\n<ul>\n<li>El espacio del que dispones, asegur\u00e1ndote de tener espacio suficiente alrededor para poder moverte y que el terreno est\u00e9 nivelado y libre de piedras o ra\u00edces que puedan da\u00f1ar la estructura.<\/li>\n<li>Ten en cuenta los diferentes materiales existentes y sus caracter\u00edsticas: acero, composite o madera. En nuestra web encontrar\u00e1s todas las posibilidades.<\/li>\n<li>El tama\u00f1o es importante, considera la cantidad de personas que la usar\u00e1n regularmente. En caso de tener ni\u00f1os, prioriza modelos con profundidades adecuadas.<\/li>\n<li>Algunos modelos son m\u00e1s f\u00e1ciles de montar que otros. Si no tienes experiencia en montajes, elige una piscina con instalaci\u00f3n simple o considera contratar a un profesional.<\/li>\n<li>Revisa qu\u00e9 accesorios incluye la piscina como escaleras, cobertores, bombas de filtraci\u00f3n o kits de mantenimiento. Verifica si necesitar\u00e1s adquirir complementos adicionales y s\u00famalos al presupuesto.<\/li>\n<li>Inf\u00f3rmate sobre las normativas locales relacionadas con piscinas (como la obligatoriedad de cercados).<\/li>\n<\/ul>\n<p>Teniendo en cuenta estos factores, podr\u00e1s elegir una piscina elevada que se ajuste a tus necesidades y presupuesto, asegur\u00e1ndote una compra satisfactoria. \u00a1Disfruta del verano!<\/p>","protected":false},"excerpt":{"rendered":"<p>\u201c\u00bfQu\u00e9 tengo que saber antes de comprar una piscina elevada?\u201d Comprar una piscina elevada es una excelente opci\u00f3n para disfrutar del agua sin los costes ni las complicaciones de una piscina enterrada. Si bien, previamente debes de tener en cuenta: El espacio del que dispones, asegur\u00e1ndote de tener espacio suficiente alrededor para poder moverte y &#8230;<\/p>\n","protected":false},"author":3,"featured_media":0,"parent":0,"menu_order":0,"comment_status":"closed","ping_status":"closed","template":"page-faqs.php","meta":{"_acf_changed":false,"footnotes":""},"acf":[],"_links":{"self":[{"href":"https:\/\/blog.grepool.com\/es\/wp-json\/wp\/v2\/pages\/1459"}],"collection":[{"href":"https:\/\/blog.grepool.com\/es\/wp-json\/wp\/v2\/pages"}],"about":[{"href":"https:\/\/blog.grepool.com\/es\/wp-json\/wp\/v2\/types\/page"}],"author":[{"embeddable":true,"href":"https:\/\/blog.grepool.com\/es\/wp-json\/wp\/v2\/users\/3"}],"replies":[{"embeddable":true,"href":"https:\/\/blog.grepool.com\/es\/wp-json\/wp\/v2\/comments?post=1459"}],"version-history":[{"count":50,"href":"https:\/\/blog.grepool.com\/es\/wp-json\/wp\/v2\/pages\/1459\/revisions"}],"predecessor-version":[{"id":5413,"href":"https:\/\/blog.grepool.com\/es\/wp-json\/wp\/v2\/pages\/1459\/revisions\/5413"}],"wp:attachment":[{"href":"https:\/\/blog.grepool.com\/es\/wp-json\/wp\/v2\/media?parent=1459"}],"curies":[{"name":"wp","href":"https:\/\/api.w.org\/{rel}","templated":true}]}}