{"id":113,"date":"2016-03-01T10:11:50","date_gmt":"2016-03-01T10:11:50","guid":{"rendered":"http:\/\/127.0.0.1\/gre\/?page_id=113"},"modified":"2020-12-17T08:41:18","modified_gmt":"2020-12-17T08:41:18","slug":"empresa","status":"publish","type":"page","link":"https:\/\/blog.grepool.com\/fr\/enterprise\/","title":{"rendered":"Enterprise"},"content":{"rendered":"<p>Gre est une entreprise fond\u00e9e il y a 80 ann\u00e9es qui poss\u00e8de une exp\u00e9rience de plus de 50 ans dans la fabrication de piscines hors sol.<br \/>\nPionni\u00e8re dans le secteur, notre entreprise est SP\u00c9CIALISTE et LEADER en EUROPE.<\/p>\n<p>Notre entreprise offre une LARGE GAMME de produits, allant des piscines sur\u00e9lev\u00e9es aux tailles et finitions diverses et vari\u00e9es, jusqu\u00b4\u00e0 un \u00e9ventail complet des accessoires n\u00e9cessaires \u00e0 l\u00b4\u00e9quipement et \u00e0 l\u00b4entretien, et une gamme de produits chimiques con\u00e7us sp\u00e9cifiquement pour l\u2019eau de la piscine.<\/p>\n<p>Notre pari sur la QUALIT\u00c9 et la S\u00c9CURIT\u00c9 de tous nos produits nous permet d\u00b4\u00eatre la principale R\u00c9F\u00c9RENCE du march\u00e9. <\/p>\n<p>Nous certifions tous les produits d&#8217;apr\u00e8s les r\u00e8glementations les plus exigeantes.<\/p>\n<p>La pr\u00e9occupation constante de Gre pour l\u00b4am\u00e9lioration de la qualit\u00e9, l\u00b4environnement et le recyclage de tous ses emballages et produits lui a permis de m\u00e9riter les normes les plus \u00e9minentes: ISO 9001, ISO 14001, PEFC, EN 16582-1 EN 16582-3, EN 16713-1.<\/p>","protected":false},"excerpt":{"rendered":"<p>Gre est une entreprise fond\u00e9e il y a 80 ann\u00e9es qui poss\u00e8de une exp\u00e9rience de plus de 50 ans dans la fabrication de piscines hors sol. Pionni\u00e8re dans le secteur, notre entreprise est SP\u00c9CIALISTE et LEADER en EUROPE. Notre entreprise offre une LARGE GAMME de produits, allant des piscines sur\u00e9lev\u00e9es aux tailles et finitions diverses &#8230;<\/p>\n","protected":false},"author":1,"featured_media":247,"parent":0,"menu_order":0,"comment_status":"closed","ping_status":"closed","template":"","meta":{"_acf_changed":false,"footnotes":""},"acf":[],"_links":{"self":[{"href":"https:\/\/blog.grepool.com\/fr\/wp-json\/wp\/v2\/pages\/113"}],"collection":[{"href":"https:\/\/blog.grepool.com\/fr\/wp-json\/wp\/v2\/pages"}],"about":[{"href":"https:\/\/blog.grepool.com\/fr\/wp-json\/wp\/v2\/types\/page"}],"author":[{"embeddable":true,"href":"https:\/\/blog.grepool.com\/fr\/wp-json\/wp\/v2\/users\/1"}],"replies":[{"embeddable":true,"href":"https:\/\/blog.grepool.com\/fr\/wp-json\/wp\/v2\/comments?post=113"}],"version-history":[{"count":12,"href":"https:\/\/blog.grepool.com\/fr\/wp-json\/wp\/v2\/pages\/113\/revisions"}],"predecessor-version":[{"id":4031,"href":"https:\/\/blog.grepool.com\/fr\/wp-json\/wp\/v2\/pages\/113\/revisions\/4031"}],"wp:featuredmedia":[{"embeddable":true,"href":"https:\/\/blog.grepool.com\/fr\/wp-json\/wp\/v2\/media\/247"}],"wp:attachment":[{"href":"https:\/\/blog.grepool.com\/fr\/wp-json\/wp\/v2\/media?parent=113"}],"curies":[{"name":"wp","href":"https:\/\/api.w.org\/{rel}","templated":true}]}}