{"id":1459,"date":"2018-06-23T09:46:11","date_gmt":"2018-06-23T09:46:11","guid":{"rendered":"https:\/\/blog.gre.es\/?page_id=1459"},"modified":"2025-02-21T08:32:21","modified_gmt":"2025-02-21T07:32:21","slug":"faq","status":"publish","type":"page","link":"https:\/\/blog.grepool.com\/fr\/faq\/","title":{"rendered":"FAQ"},"content":{"rendered":"<p>&nbsp;<\/p>\n<h2><strong>&#8221; Que dois-je savoir avant d&#8217;acheter une piscine hors sol ?&#8221;<\/strong><\/h2>\n<p>L&#8217;achat d&#8217;une piscine hors sol est une excellente option pour profiter de l&#8217;eau sans les co\u00fbts et les complications d&#8217;une piscine enterr\u00e9e. Cependant, vous devez prendre en compte les \u00e9l\u00e9ments suivants avant d&#8217;acheter une piscine hors sol :<\/p>\n<p>&#8211; L&#8217;espace dont vous disposez, en vous assurant que vous avez suffisamment d&#8217;espace autour de vous pour circuler et que le sol est plat et exempt de pierres ou de racines qui pourraient endommager la structure.<\/p>\n<p>&#8211; Tenir compte des diff\u00e9rents mat\u00e9riaux existants et de leurs caract\u00e9ristiques : acier, composite ou bois. Sur notre site web, vous trouverez toutes les possibilit\u00e9s.<\/p>\n<p>&#8211; La taille est importante, pensez au nombre de personnes qui l&#8217;utiliseront r\u00e9guli\u00e8rement. Si vous avez des enfants, privil\u00e9giez les mod\u00e8les avec des profondeurs ad\u00e9quates.<\/p>\n<p>&#8211; Certains mod\u00e8les sont plus faciles \u00e0 assembler que d&#8217;autres. Si vous n&#8217;avez pas d&#8217;exp\u00e9rience en mati\u00e8re de montage, choisissez une piscine dont l&#8217;installation est simple ou envisagez de faire appel \u00e0 un professionnel.<\/p>\n<p>&#8211; V\u00e9rifiez les accessoires inclus dans la piscine, tels que les \u00e9chelles, les couvertures, les pompes de filtration ou les kits d&#8217;entretien. V\u00e9rifiez si vous devrez acheter des accessoires suppl\u00e9mentaires et ajoutez-les \u00e0 votre budget.<\/p>\n<p>&#8211; Renseignez-vous sur les r\u00e9glementations locales en mati\u00e8re de piscines (par exemple, l&#8217;obligation d&#8217;installer une cl\u00f4ture).<\/p>\n<p>En tenant compte de ces \u00e9l\u00e9ments, vous serez en mesure de choisir une piscine hors sol adapt\u00e9e \u00e0 vos besoins et \u00e0 votre budget, ce qui vous assurera un achat r\u00e9ussi. Profitez de l&#8217;\u00e9t\u00e9 !<\/p>","protected":false},"excerpt":{"rendered":"<p>&nbsp; &#8221; Que dois-je savoir avant d&#8217;acheter une piscine hors sol ?&#8221; L&#8217;achat d&#8217;une piscine hors sol est une excellente option pour profiter de l&#8217;eau sans les co\u00fbts et les complications d&#8217;une piscine enterr\u00e9e. Cependant, vous devez prendre en compte les \u00e9l\u00e9ments suivants avant d&#8217;acheter une piscine hors sol : &#8211; L&#8217;espace dont vous disposez, &#8230;<\/p>\n","protected":false},"author":3,"featured_media":0,"parent":0,"menu_order":0,"comment_status":"closed","ping_status":"closed","template":"page-faqs.php","meta":{"_acf_changed":false,"footnotes":""},"acf":[],"_links":{"self":[{"href":"https:\/\/blog.grepool.com\/fr\/wp-json\/wp\/v2\/pages\/1459"}],"collection":[{"href":"https:\/\/blog.grepool.com\/fr\/wp-json\/wp\/v2\/pages"}],"about":[{"href":"https:\/\/blog.grepool.com\/fr\/wp-json\/wp\/v2\/types\/page"}],"author":[{"embeddable":true,"href":"https:\/\/blog.grepool.com\/fr\/wp-json\/wp\/v2\/users\/3"}],"replies":[{"embeddable":true,"href":"https:\/\/blog.grepool.com\/fr\/wp-json\/wp\/v2\/comments?post=1459"}],"version-history":[{"count":50,"href":"https:\/\/blog.grepool.com\/fr\/wp-json\/wp\/v2\/pages\/1459\/revisions"}],"predecessor-version":[{"id":5413,"href":"https:\/\/blog.grepool.com\/fr\/wp-json\/wp\/v2\/pages\/1459\/revisions\/5413"}],"wp:attachment":[{"href":"https:\/\/blog.grepool.com\/fr\/wp-json\/wp\/v2\/media?parent=1459"}],"curies":[{"name":"wp","href":"https:\/\/api.w.org\/{rel}","templated":true}]}}