{"id":19,"date":"2016-02-03T11:32:27","date_gmt":"2016-02-03T11:32:27","guid":{"rendered":"http:\/\/127.0.0.1\/gre\/?page_id=19"},"modified":"2020-12-17T08:37:59","modified_gmt":"2020-12-17T08:37:59","slug":"contacto","status":"publish","type":"page","link":"https:\/\/blog.grepool.com\/fr\/contact\/","title":{"rendered":"Contact"},"content":{"rendered":"<div class=\"contact-text\">\n<h3>Manufacturas Gre S.A.<\/h3>\n<p>Aritz Bidea 57, Belako Industrialdea<\/p>\n<p style=\"padding-bottom: 15px;\">80100 Mungia (Bizkaia) Spain<\/p>\n<p><a href=\"tel:+34496741116\">Tel. +34 946 741 116<\/a><\/p>\n<p>Fax. +34 946 741 708<\/p>\n<\/div>\n<div id=\"formulario\" class=\"clearfix\">\n\n<!-- Fast Secure Contact Form plugin 4.0.49 - begin - FastSecureContactForm.com -->\r\n<div class=\"fscf-div-clear\"><\/div>\n<p>Env\u00edanos tus comentarios, preguntas o sugerencias, y nos pondremos en contacto contigo.<\/p>\r\n<div id=\"FSContact1\" class=\"fscf-div-form\">\r\n<form action=\"https:\/\/blog.grepool.com\/fr\/wp-json\/wp\/v2\/pages\/19#FSContact1\" id=\"fscf_form1\" method=\"post\">\r\n\n<div id=\"fscf_required1\">\n  <span class=\"fscf-required-indicator\"><\/span> <span class=\"fscf-required-text\">Los campos necesarios est\u00e1n marcados con *<\/span>\n<\/div>\n\n\n<div id=\"fscf_div_clear1_0\" class=\"fscf-div-clear\">\n  <div id=\"fscf_div_field1_0\" class=\"fscf-div-field-left\">\r\n    <div class=\"fscf-div-label\">\n      <label class=\"fscf-label\" for=\"fscf_name1\">Nombre*<span class=\"fscf-required-indicator\"><\/span><\/label>\n    <\/div>\r\n    <div class=\"fscf-div-field\">\r\n      <input class=\"fscf-input-text\" type=\"text\" id=\"fscf_name1\" name=\"full_name\" value=\"\"  readonly=\"readonly\" \/>\r\n    <\/div>\r\n  <\/div>\n<\/div>\n\n<div id=\"fscf_div_clear1_1\" class=\"fscf-div-clear\">\n  <div id=\"fscf_div_field1_1\" class=\"fscf-div-field-left\">\n    <div class=\"fscf-div-label\">\n      <label class=\"fscf-label\" for=\"fscf_email1\">Correo electr\u00f3nico*<span class=\"fscf-required-indicator\"><\/span><\/label>\n    <\/div>\n    <div class=\"fscf-div-field\">\n      <input class=\"fscf-input-text\" type=\"text\" id=\"fscf_email1\" name=\"email\" value=\"\"  readonly=\"readonly\" \/>\n    <\/div>\n  <\/div>\n<\/div>\n\n<div id=\"fscf_div_clear1_2\" class=\"fscf-div-clear\">\n  <div id=\"fscf_div_field1_2\" class=\"fscf-div-field-left\">\n    <div class=\"fscf-div-label\">\n      <label class=\"fscf-label\" for=\"fscf_field1_2\">Asunto*<span class=\"fscf-required-indicator\"><\/span><\/label>\n    <\/div>\n    <div class=\"fscf-div-field\">\n      <input class=\"fscf-input-text\" type=\"text\" id=\"fscf_field1_2\" name=\"subject\" value=\"\"  \/>\n    <\/div>\n  <\/div>\n<\/div>\n\n<div id=\"fscf_div_clear1_4\" class=\"fscf-div-clear\">\n  <div id=\"fscf_div_field1_4\" class=\"fscf-div-field-left\">\n    <div  id=\"fscf_label1_4\" class=\"fscf-div-label\">\r\n      <label class=\"fscf-label\" for=\"fscf_field1_4\">Tel\u00e9fono:<\/label>\n    <\/div>\n    <div class=\"fscf-div-field\">\n      <input class=\"fscf-input-text\" type=\"text\" id=\"fscf_field1_4\" name=\"Telefono\" value=\"\"  maxlength=\"12\" \/>\n    <\/div>\n  <\/div>\n<\/div>\n\n<div id=\"fscf_div_clear1_3\" class=\"fscf-div-clear\">\n  <div id=\"fscf_div_field1_3\" class=\"fscf-div-field-left\">\n    <div  id=\"fscf_label1_3\" class=\"fscf-div-label\">\n    <\/div>\n    <div class=\"fscf-div-label\">\n    <\/div>\n    <div class=\"fscf-div-field\">\n      <textarea class=\"fscf-input-textarea\" id=\"fscf_field1_3\" name=\"message\" cols=\"30\" rows=\"10\" ><\/textarea>\n    <\/div>\n  <\/div>\n<\/div>\n\n<div id=\"fscf_div_clear1_5\" class=\"fscf-div-clear\">\n  <div id=\"fscf_div_field1_5\" class=\"fscf-div-field-left\">\n    <div  id=\"fscf_label1_5\" class=\"fscf-div-label\">\n    <\/div>\n    <div class=\"fscf-div-field\">\n      <span><input type=\"checkbox\" class=\"fscf-input-checkbox\" id=\"fscf_field1_5\" name=\"Acepto-la-politica-de-privacidad\" value=\"1\" \/> <label class=\"fscf-option-label\" for=\"fscf_field1_5\">Acepto la pol\u00edtica de privacidad<span class=\"fscf-required-indicator\"><\/span><\/label><\/span>\n    <\/div>\n\n    <div class=\"fscf-div-clear\"><\/div>\n<p class=\"prvcheck\">Puede consultar nuestra pol\u00edtica de privacidad <a href=\"http:\/\/gre.es\/contenido\/345\/politica-general-de-privacidad.aspx\">pinchando aqu\u00ed.<\/a>\n\n  <\/div>\n<\/div>\r\n<div class=\"fscf-div-clear\"><\/div>\n<p class=\"fscf-div-error\">ERREUR : l'extension si-contact-form.php indique que le support GD image n'est pas d\u00e9tect\u00e9 dans PHP!<\/p><p>Contactez votre h\u00e9bergeur et demandez lui pourquoi le support image GD n'est pas activ\u00e9 pour le PHP.<\/p><p class=\"fscf-div-error\">ERREUR : l'extension si-contact-form.php indique que la fonction imagepng n'est pas d\u00e9tect\u00e9e dans PHP!<\/p><p>Contactez votre h\u00e9bergeur et demandez lui pourquoi imagepng n'est pas activ\u00e9 pour le PHP.<\/p>\n\n<div id=\"fscf_submit_div1\" class=\"fscf-div-submit\">\r\n\t\t<input type=\"submit\" id=\"fscf_submit1\" class=\"fscf-button-submit\" value=\"Envoyer\"  onclick=\"this.disabled=true; this.value='Submitting...'; this.form.submit();\" \/> \n<\/div>\n\n<input type=\"hidden\" name=\"fscf_submitted\" value=\"0\" \/>\n<input type=\"hidden\" name=\"fs_postonce_1\" value=\"cd3b1f3e033e9eb9b4c8ac702dabe0f6,1775408879\" \/>\n<input type=\"hidden\" name=\"si_contact_action\" value=\"send\" \/>\n<input type=\"hidden\" name=\"form_id\" value=\"1\" \/>\n<input type=\"hidden\" name=\"mailto_id\" value=\"1\" \/>\n\n<\/form>\n<\/div>\r\n<div class=\"fscf-div-clear\"><\/div>\n<p class=\"textorgpd\" style=\"padding-top:20px; font-size:11px\">\r\nSus datos personales son muy importantes para nosotros, y nos comprometemos a tratarlos con la m\u00e1xima confidencialidad y discreci\u00f3n, as\u00ed como a implementar todas las medidas de seguridad que consideremos oportunas y razonables. \r\nNuestro Delegado de Protecci\u00f3n de Datos es el <b>responsable<\/b> de los mismos, puede ponerse en contacto con el en la direcci\u00f3n de correo electr\u00f3nico dataprivacy@fluidra.com\r\nGRE recaba sus datos personales con la <b>finalidad<\/b> de poder gestionar sus solicitudes y ofrecerle los servicios y productos que Usted pueda estar interesado. \r\nSus datos personales ser\u00e1n tratados de forma confidencial y solo para aquellas finalidades que Usted a trav\u00e9s de su consentimiento haya <b>legitimado<\/b>. \r\nLos datos recogidos en este formular\u00edo tendr\u00e1n como <b>destinatario<\/b> nuestros propios servidores y ser\u00e1n gestionados y almacenados por GRE.\r\nPodr\u00e1 ejercer sus <b>derechos<\/b> de Acceso, Rectificaci\u00f3n, Limitaci\u00f3n o Suprimir tus datos en dataprivacy@fluidra.com. \r\nPara <b>m\u00e1s informaci\u00f3n<\/b> consulte nuestra <a href=\"http:\/\/gre.es\/contenido\/345\/politica-general-de-privacidad.aspx\">pol\u00edtica de privacidad<\/a>.\r\n<\/p>\n<!-- Fast Secure Contact Form plugin 4.0.49 - end - FastSecureContactForm.com -->\n<\/div>\n","protected":false},"excerpt":{"rendered":"<p>Manufacturas Gre S.A. Aritz Bidea 57, Belako Industrialdea 80100 Mungia (Bizkaia) Spain Tel. +34 946 741 116 Fax. +34 946 741 708<\/p>\n","protected":false},"author":1,"featured_media":0,"parent":0,"menu_order":0,"comment_status":"closed","ping_status":"closed","template":"","meta":{"_acf_changed":false,"footnotes":""},"acf":[],"_links":{"self":[{"href":"https:\/\/blog.grepool.com\/fr\/wp-json\/wp\/v2\/pages\/19"}],"collection":[{"href":"https:\/\/blog.grepool.com\/fr\/wp-json\/wp\/v2\/pages"}],"about":[{"href":"https:\/\/blog.grepool.com\/fr\/wp-json\/wp\/v2\/types\/page"}],"author":[{"embeddable":true,"href":"https:\/\/blog.grepool.com\/fr\/wp-json\/wp\/v2\/users\/1"}],"replies":[{"embeddable":true,"href":"https:\/\/blog.grepool.com\/fr\/wp-json\/wp\/v2\/comments?post=19"}],"version-history":[{"count":29,"href":"https:\/\/blog.grepool.com\/fr\/wp-json\/wp\/v2\/pages\/19\/revisions"}],"predecessor-version":[{"id":4030,"href":"https:\/\/blog.grepool.com\/fr\/wp-json\/wp\/v2\/pages\/19\/revisions\/4030"}],"wp:attachment":[{"href":"https:\/\/blog.grepool.com\/fr\/wp-json\/wp\/v2\/media?parent=19"}],"curies":[{"name":"wp","href":"https:\/\/api.w.org\/{rel}","templated":true}]}}